{"id":822,"date":"2022-11-10T18:43:57","date_gmt":"2022-11-10T18:43:57","guid":{"rendered":"https:\/\/tessel-les.com\/politica-de-cookies\/"},"modified":"2022-11-10T19:05:35","modified_gmt":"2022-11-10T19:05:35","slug":"politica-de-cookies","status":"publish","type":"page","link":"https:\/\/tessel-les.com\/fr\/politica-de-cookies\/","title":{"rendered":"Pol\u00edtica de cookies"},"content":{"rendered":"<h2>Politique en mati\u00e8re de cookies<\/h2>\n<p>De m\u00eame, GEINCO vous informe qu&#8217;elle respecte la loi 34\/2002 du 11 juillet, relative aux services de la soci\u00e9t\u00e9 de l&#8217;information et au commerce \u00e9lectronique et vous demande votre consentement expr\u00e8s pour le traitement de votre courrier \u00e9lectronique \u00e0 des fins commerciales \u00e0 tout moment, l&#8217;utilisation de cookies et du fichier d&#8217;activit\u00e9.<\/p>\n<p>Le fournisseur, pour son propre compte ou celui d&#8217;un tiers engag\u00e9 pour fournir des services de mesure, peut utiliser des cookies lorsqu&#8217;un utilisateur navigue sur le site web. Les cookies sont des fichiers envoy\u00e9s au navigateur par un serveur web dans le but d&#8217;enregistrer les activit\u00e9s de l&#8217;utilisateur au cours de sa navigation.<\/p>\n<p>Les cookies utilis\u00e9s par le site web sont uniquement associ\u00e9s \u00e0 un utilisateur anonyme et \u00e0 son ordinateur, et ne fournissent pas en eux-m\u00eames les donn\u00e9es personnelles de l&#8217;utilisateur. Gr\u00e2ce \u00e0 l&#8217;utilisation de cookies, il est possible que le serveur o\u00f9 se trouve le site web reconnaisse le navigateur web utilis\u00e9 par l&#8217;utilisateur afin de faciliter la navigation, en permettant, par exemple, aux utilisateurs qui se sont pr\u00e9alablement inscrits, d&#8217;acc\u00e9der \u00e0 des zones, des services, des promotions ou des concours qui leur sont exclusivement r\u00e9serv\u00e9s sans devoir s&#8217;inscrire \u00e0 chaque visite.<\/p>\n<p>Ils servent \u00e9galement \u00e0 mesurer les param\u00e8tres d&#8217;audience et de trafic, \u00e0 suivre les progr\u00e8s et le nombre d&#8217;entr\u00e9es. L&#8217;utilisateur a la possibilit\u00e9 de configurer son navigateur pour \u00eatre inform\u00e9 de la r\u00e9ception de cookies et pour emp\u00eacher leur installation sur son ordinateur. Veuillez consulter les instructions et les manuels de votre navigateur pour plus d&#8217;informations.<\/p>\n<p>Pour utiliser le site web, il n&#8217;est pas n\u00e9cessaire que l&#8217;utilisateur permette l&#8217;installation des cookies envoy\u00e9s par le site web, ou le tiers agissant en son nom, nonobstant le fait qu&#8217;il est n\u00e9cessaire que l&#8217;utilisateur se connecte en tant que tel dans chacun des services dont la prestation n\u00e9cessite un enregistrement pr\u00e9alable ou &#8220;login&#8221;.<\/p>\n<p>Les cookies utilis\u00e9s sur ce site sont, dans tous les cas, de nature temporaire dans le seul but de rendre plus efficace leur transmission ult\u00e9rieure. En aucun cas, les cookies ne seront utilis\u00e9s pour collecter des informations personnelles.<\/p>\n","protected":false},"excerpt":{"rendered":"<p>Politique en mati\u00e8re de cookies De m\u00eame, GEINCO vous informe qu&#8217;elle respecte la loi 34\/2002 du 11 juillet, relative aux services de la soci\u00e9t\u00e9 de l&#8217;information et au commerce \u00e9lectronique et vous demande votre consentement expr\u00e8s pour le traitement de votre courrier \u00e9lectronique \u00e0 des fins commerciales \u00e0 tout moment, l&#8217;utilisation de cookies et du [&#8230;]\n","protected":false},"author":1,"featured_media":0,"parent":0,"menu_order":1001,"comment_status":"closed","ping_status":"closed","template":"","meta":{"inline_featured_image":false,"footnotes":""},"class_list":["post-822","page","type-page","status-publish","hentry"],"acf":[],"yoast_head":"<!-- This site is optimized with the Yoast SEO Premium plugin v22.5 (Yoast SEO v23.0) - https:\/\/yoast.com\/wordpress\/plugins\/seo\/ -->\n<title>Pol\u00edtica de cookies - Tessel\u00b7les<\/title>\n<meta name=\"robots\" content=\"noindex, nofollow\" \/>\n<meta property=\"og:locale\" content=\"fr_FR\" \/>\n<meta property=\"og:type\" content=\"article\" \/>\n<meta property=\"og:title\" content=\"Pol\u00edtica de cookies\" \/>\n<meta property=\"og:description\" content=\"Politique en mati\u00e8re de cookies De m\u00eame, GEINCO vous informe qu&#8217;elle respecte la loi 34\/2002 du 11 juillet, relative aux services de la soci\u00e9t\u00e9 de l&#8217;information et au commerce \u00e9lectronique et vous demande votre consentement expr\u00e8s pour le traitement de votre courrier \u00e9lectronique \u00e0 des fins commerciales \u00e0 tout moment, l&#8217;utilisation de cookies et du [...]\" \/>\n<meta property=\"og:url\" content=\"https:\/\/tessel-les.com\/politica-de-cookies\/\" \/>\n<meta property=\"og:site_name\" content=\"Tessel\u00b7les\" \/>\n<meta property=\"article:modified_time\" content=\"2022-11-10T19:05:35+00:00\" \/>\n<meta name=\"twitter:card\" content=\"summary_large_image\" \/>\n<meta name=\"twitter:label1\" content=\"Dur\u00e9e de lecture estim\u00e9e\" \/>\n\t<meta name=\"twitter:data1\" content=\"2 minutes\" \/>\n<script type=\"application\/ld+json\" class=\"yoast-schema-graph\">{\"@context\":\"https:\/\/schema.org\",\"@graph\":[{\"@type\":\"WebPage\",\"@id\":\"https:\/\/tessel-les.com\/politica-de-cookies\/\",\"url\":\"https:\/\/tessel-les.com\/politica-de-cookies\/\",\"name\":\"Pol\u00edtica de cookies - Tessel\u00b7les\",\"isPartOf\":{\"@id\":\"https:\/\/tessel-les.com\/#website\"},\"datePublished\":\"2022-11-10T18:43:57+00:00\",\"dateModified\":\"2022-11-10T19:05:35+00:00\",\"breadcrumb\":{\"@id\":\"https:\/\/tessel-les.com\/politica-de-cookies\/#breadcrumb\"},\"inLanguage\":\"fr-FR\",\"potentialAction\":[{\"@type\":\"ReadAction\",\"target\":[\"https:\/\/tessel-les.com\/politica-de-cookies\/\"]}]},{\"@type\":\"BreadcrumbList\",\"@id\":\"https:\/\/tessel-les.com\/politica-de-cookies\/#breadcrumb\",\"itemListElement\":[{\"@type\":\"ListItem\",\"position\":1,\"name\":\"Portada\",\"item\":\"https:\/\/tessel-les.com\/fr\/\"},{\"@type\":\"ListItem\",\"position\":2,\"name\":\"Pol\u00edtica de cookies\"}]},{\"@type\":\"WebSite\",\"@id\":\"https:\/\/tessel-les.com\/#website\",\"url\":\"https:\/\/tessel-les.com\/\",\"name\":\"Tessel\u00b7les\",\"description\":\"\",\"potentialAction\":[{\"@type\":\"SearchAction\",\"target\":{\"@type\":\"EntryPoint\",\"urlTemplate\":\"https:\/\/tessel-les.com\/?s={search_term_string}\"},\"query-input\":\"required name=search_term_string\"}],\"inLanguage\":\"fr-FR\"}]}<\/script>\n<!-- \/ Yoast SEO Premium plugin. -->","yoast_head_json":{"title":"Pol\u00edtica de cookies - Tessel\u00b7les","robots":{"index":"noindex","follow":"nofollow"},"og_locale":"fr_FR","og_type":"article","og_title":"Pol\u00edtica de cookies","og_description":"Politique en mati\u00e8re de cookies De m\u00eame, GEINCO vous informe qu&#8217;elle respecte la loi 34\/2002 du 11 juillet, relative aux services de la soci\u00e9t\u00e9 de l&#8217;information et au commerce \u00e9lectronique et vous demande votre consentement expr\u00e8s pour le traitement de votre courrier \u00e9lectronique \u00e0 des fins commerciales \u00e0 tout moment, l&#8217;utilisation de cookies et du [...]","og_url":"https:\/\/tessel-les.com\/politica-de-cookies\/","og_site_name":"Tessel\u00b7les","article_modified_time":"2022-11-10T19:05:35+00:00","twitter_card":"summary_large_image","twitter_misc":{"Dur\u00e9e de lecture estim\u00e9e":"2 minutes"},"schema":{"@context":"https:\/\/schema.org","@graph":[{"@type":"WebPage","@id":"https:\/\/tessel-les.com\/politica-de-cookies\/","url":"https:\/\/tessel-les.com\/politica-de-cookies\/","name":"Pol\u00edtica de cookies - Tessel\u00b7les","isPartOf":{"@id":"https:\/\/tessel-les.com\/#website"},"datePublished":"2022-11-10T18:43:57+00:00","dateModified":"2022-11-10T19:05:35+00:00","breadcrumb":{"@id":"https:\/\/tessel-les.com\/politica-de-cookies\/#breadcrumb"},"inLanguage":"fr-FR","potentialAction":[{"@type":"ReadAction","target":["https:\/\/tessel-les.com\/politica-de-cookies\/"]}]},{"@type":"BreadcrumbList","@id":"https:\/\/tessel-les.com\/politica-de-cookies\/#breadcrumb","itemListElement":[{"@type":"ListItem","position":1,"name":"Portada","item":"https:\/\/tessel-les.com\/fr\/"},{"@type":"ListItem","position":2,"name":"Pol\u00edtica de cookies"}]},{"@type":"WebSite","@id":"https:\/\/tessel-les.com\/#website","url":"https:\/\/tessel-les.com\/","name":"Tessel\u00b7les","description":"","potentialAction":[{"@type":"SearchAction","target":{"@type":"EntryPoint","urlTemplate":"https:\/\/tessel-les.com\/?s={search_term_string}"},"query-input":"required name=search_term_string"}],"inLanguage":"fr-FR"}]}},"_links":{"self":[{"href":"https:\/\/tessel-les.com\/fr\/wp-json\/wp\/v2\/pages\/822","targetHints":{"allow":["GET"]}}],"collection":[{"href":"https:\/\/tessel-les.com\/fr\/wp-json\/wp\/v2\/pages"}],"about":[{"href":"https:\/\/tessel-les.com\/fr\/wp-json\/wp\/v2\/types\/page"}],"author":[{"embeddable":true,"href":"https:\/\/tessel-les.com\/fr\/wp-json\/wp\/v2\/users\/1"}],"replies":[{"embeddable":true,"href":"https:\/\/tessel-les.com\/fr\/wp-json\/wp\/v2\/comments?post=822"}],"version-history":[{"count":1,"href":"https:\/\/tessel-les.com\/fr\/wp-json\/wp\/v2\/pages\/822\/revisions"}],"predecessor-version":[{"id":823,"href":"https:\/\/tessel-les.com\/fr\/wp-json\/wp\/v2\/pages\/822\/revisions\/823"}],"wp:attachment":[{"href":"https:\/\/tessel-les.com\/fr\/wp-json\/wp\/v2\/media?parent=822"}],"curies":[{"name":"wp","href":"https:\/\/api.w.org\/{rel}","templated":true}]}}